{"id":1154,"date":"2025-09-25T23:19:50","date_gmt":"2025-09-25T22:19:50","guid":{"rendered":"https:\/\/learningconsciously.com\/?page_id=1154"},"modified":"2025-11-15T17:06:18","modified_gmt":"2025-11-15T16:06:18","slug":"learn-french-online","status":"publish","type":"page","link":"https:\/\/learningconsciously.com\/de\/learn-french-online\/","title":{"rendered":"Learn French Online"},"content":{"rendered":"<h2  data-animation-delay=\"0\" data-animation-duration=\"1\">\n\t\t\tFRANZ\u00d6SISCH LERNEN\t<\/h2>\n\t<p>Online Kurs<\/p>\n\t<p>D\u00e9butants &#8211; Interm\u00e9diaires<\/p>\n\t\t\t\t<a href=\"https:\/\/learningconsciously.com\/de\/about-me\/\"  target=\"_self\" itemprop=\"url\">\n\t\t\t\t<img decoding=\"async\" src=\"https:\/\/learningconsciously.com\/wp-content\/uploads\/2021\/09\/Photo-IDsmile-Laetitia-e1631539910743.jpg\" alt=\"Photo-IDsmile-Laetitia\" itemprop=\"image\" height=\"596\" width=\"565\" title=\"Photo-IDsmile-Laetitia\" onerror=\"this.style.display='none'\" loading=\"lazy\" \/>\n\t\t\t\t<\/a>\n\t<p>mit <strong>LAETITIA<\/strong><\/p>\n\t<h3>Warum f\u00fcr unser Programm entscheiden?<\/h3><p>Sie werden von einer franz\u00f6sischen Muttersprachlerin begleitet, die sprachbegeistert und mehrsprachig ist!<\/p>\n\t<h3>Wie werden wir das erreichen?<\/h3><p>Unterst\u00fctzung in Ihrer Muttersprache mit einer bew\u00e4hrten Methode!<\/p>\n\t<h3>Qu&rsquo;est-ce que vous y gagnez ?<\/h3><p>Une exp\u00e9rience d&rsquo;apprentissage enrichissante, de nouvelles opportunit\u00e9s et un \u00e9panouissement personnel sont attendus\u00a0!<\/p>\n\t\t\t<a href=\"https:\/\/learningconsciously.com\/de\/contact\/\" target=\"_self\">\n\t\t\t\t\t\t\tMehr erfahren\n\t\t\t\t\t<\/a>\n<h1>\n\t\t\tFranz\u00f6sisch mit Laetitia\t<\/h1>\n<h2  data-animation-delay=\"0\" data-animation-duration=\"3\">\n\t\t\tCe qu&rsquo;ils en disent :\t<\/h2>\n\t\t<!-- Slides wrapper -->\n\t\t\t\t\t\t\t\t\t\t\t\t\t\t<img decoding=\"async\" src=\"https:\/\/learningconsciously.com\/wp-content\/plugins\/bbpowerpack\/assets\/images\/user.png\" alt=\"Andrea K.\" \/>\n\t\t\t\t\t\t<cite>\n\t\t\t\t\t\t\tAndrea K.\n\t<i>&#9733;<\/i><i>&#9733;<\/i><i>&#9733;<\/i><i>&#9733;<\/i><i>&#9733;<\/i>\t\t\t\t\t\t\tVHS Perg-Avanc\u00e9\n\t\t\t\t\t\t<\/cite>\n\t\t\t\t\t\t\t<p>Coming soon<\/p>\t\t\t\t\t\t\n\t\t\t\t\t\t\t\t\t\t\t\t\t\t<img decoding=\"async\" src=\"https:\/\/learningconsciously.com\/wp-content\/plugins\/bbpowerpack\/assets\/images\/user.png\" alt=\"Alex G.\" \/>\n\t\t\t\t\t\t<cite>\n\t\t\t\t\t\t\tAlex G.\n\t<i>&#9733;<\/i><i>&#9733;<\/i><i>&#9733;<\/i><i>&#9733;<\/i><i>&#9733;<\/i>\t\t\t\t\t\t\tVHS Perg-Avanc\u00e9\n\t\t\t\t\t\t<\/cite>\n\t\t\t\t\t\t\t<p>Coming soon<\/p>\t\t\t\t\t\t\n\t\t\t\t\t\t\t\t\t\t\t\t\t\t<img decoding=\"async\" src=\"https:\/\/learningconsciously.com\/wp-content\/plugins\/bbpowerpack\/assets\/images\/user.png\" alt=\"Rudi K.\" \/>\n\t\t\t\t\t\t<cite>\n\t\t\t\t\t\t\tRudi K.\n\t<i>&#9733;<\/i><i>&#9733;<\/i><i>&#9733;<\/i><i>&#9733;<\/i><i>&#9733;<\/i>\t\t\t\t\t\t\tVHS Perg-Avanc\u00e9\n\t\t\t\t\t\t<\/cite>\n\t\t\t\t\t\t\t<p>Coming soon<\/p>\t\t\t\t\t\t\n\t\t\t\t\t\t\t\t\t\t\t\t\t\t<img decoding=\"async\" src=\"https:\/\/learningconsciously.com\/wp-content\/plugins\/bbpowerpack\/assets\/images\/user.png\" alt=\"Katharina W.\" \/>\n\t\t\t\t\t\t<cite>\n\t\t\t\t\t\t\tKatharina W.\n\t<i>&#9733;<\/i><i>&#9733;<\/i><i>&#9733;<\/i><i>&#9733;<\/i><i>&#9733;<\/i>\t\t\t\t\t\t\tVHS Perg-Avanc\u00e9\n\t\t\t\t\t\t<\/cite>\n\t\t\t\t\t\t\t<p>Coming soon<\/p>\t\t\t\t\t\t\n\t\t\t\t\t\t\t\t\t\t\t\t\t\t<img decoding=\"async\" src=\"https:\/\/learningconsciously.com\/wp-content\/plugins\/bbpowerpack\/assets\/images\/user.png\" alt=\"Ulli S.\" \/>\n\t\t\t\t\t\t<cite>\n\t\t\t\t\t\t\tUlli S.\n\t<i>&#9733;<\/i><i>&#9733;<\/i><i>&#9733;<\/i><i>&#9733;<\/i><i>&#9733;<\/i>\t\t\t\t\t\t\tVHS Perg-Interm\u00e9diaire\n\t\t\t\t\t\t<\/cite>\n\t\t\t\t\t\t\t<p>Coming soon<\/p>\t\t\t\t\t\t\n\t\t\t\t\t\t\t\t\t\t\t\t\t\t<img decoding=\"async\" src=\"https:\/\/learningconsciously.com\/wp-content\/plugins\/bbpowerpack\/assets\/images\/user.png\" alt=\"Renate G.\" \/>\n\t\t\t\t\t\t<cite>\n\t\t\t\t\t\t\tRenate G.\n\t<i>&#9733;<\/i><i>&#9733;<\/i><i>&#9733;<\/i><i>&#9733;<\/i><i>&#9733;<\/i>\t\t\t\t\t\t\tVHS Perg-Interm\u00e9diaire\n\t\t\t\t\t\t<\/cite>\n\t\t\t\t\t\t\t<p>Coming soon<\/p>\t\t\t\t\t\t\n\t\t\t\t\t\t\t\t\t\t\t\t\t\t<img decoding=\"async\" src=\"https:\/\/learningconsciously.com\/wp-content\/plugins\/bbpowerpack\/assets\/images\/user.png\" alt=\"Christian S.\" \/>\n\t\t\t\t\t\t<cite>\n\t\t\t\t\t\t\tChristian S.\n\t<i>&#9733;<\/i><i>&#9733;<\/i><i>&#9733;<\/i><i>&#9733;<\/i><i>&#9733;<\/i>\t\t\t\t\t\t\tOnline-D\u00e9butant\n\t\t\t\t\t\t<\/cite>\n\t\t\t\t\t\t\t<p>Coming soon<\/p>\t\t\t\t\t\t\n\t\t\t\t\t\t\t\t\t\t\t\t\t\t<img decoding=\"async\" src=\"https:\/\/learningconsciously.com\/wp-content\/plugins\/bbpowerpack\/assets\/images\/user.png\" alt=\"Bert K.\" \/>\n\t\t\t\t\t\t<cite>\n\t\t\t\t\t\t\tBert K.\n\t<i>&#9733;<\/i><i>&#9733;<\/i><i>&#9733;<\/i><i>&#9733;<\/i><i>&#9733;<\/i>\t\t\t\t\t\t\tVHS Perg-Interm\u00e9diaire\n\t\t\t\t\t\t<\/cite>\n\t\t\t\t\t\t\t<p>Coming soon<\/p>\t\t\t\t\t\t\n\t\t\t\t\t\t\t\t\t\t\t\t\t\t<img decoding=\"async\" src=\"https:\/\/learningconsciously.com\/wp-content\/plugins\/bbpowerpack\/assets\/images\/user.png\" alt=\"Birgit R.\" \/>\n\t\t\t\t\t\t<cite>\n\t\t\t\t\t\t\tBirgit R.\n\t<i>&#9733;<\/i><i>&#9733;<\/i><i>&#9733;<\/i><i>&#9733;<\/i><i>&#9733;<\/i>\t\t\t\t\t\t\tVHS Perg- Avanc\u00e9\n\t\t\t\t\t\t<\/cite>\n\t\t\t\t\t\t\t<p>Coming soon<\/p>\t\t\t\t\t\t\n\t\t\t\t<!-- Pagination, if required -->","protected":false},"excerpt":{"rendered":"<p>APPRENDRE LE FRAN\u00c7AIS Cours en ligne D\u00e9butants &#8211; Interm\u00e9diaires avec LAETITIA Pourquoi choisir notre programme ? Vous serez accompagn\u00e9 par une locutrice native du fran\u00e7ais, qui est linguophile et multilingue ! Comment allons-nous y parvenir ? Un accompagnement dans votre langue maternelle et en utilisant une m\u00e9thode qui a fait ses preuves ! Qu&rsquo;est-ce que [&hellip;]<\/p>\n","protected":false},"author":1,"featured_media":0,"parent":0,"menu_order":0,"comment_status":"closed","ping_status":"closed","template":"","meta":{"site-sidebar-layout":"no-sidebar","site-content-layout":"","ast-site-content-layout":"full-width-container","site-content-style":"unboxed","site-sidebar-style":"unboxed","ast-global-header-display":"","ast-banner-title-visibility":"disabled","ast-main-header-display":"","ast-hfb-above-header-display":"","ast-hfb-below-header-display":"","ast-hfb-mobile-header-display":"","site-post-title":"","ast-breadcrumbs-content":"","ast-featured-img":"","footer-sml-layout":"","ast-disable-related-posts":"","theme-transparent-header-meta":"","adv-header-id-meta":"","stick-header-meta":"","header-above-stick-meta":"","header-main-stick-meta":"","header-below-stick-meta":"","astra-migrate-meta-layouts":"set","ast-page-background-enabled":"default","ast-page-background-meta":{"desktop":{"background-color":"","background-image":"","background-repeat":"repeat","background-position":"center center","background-size":"auto","background-attachment":"scroll","background-type":"","background-media":"","overlay-type":"","overlay-color":"","overlay-opacity":"","overlay-gradient":""},"tablet":{"background-color":"","background-image":"","background-repeat":"repeat","background-position":"center center","background-size":"auto","background-attachment":"scroll","background-type":"","background-media":"","overlay-type":"","overlay-color":"","overlay-opacity":"","overlay-gradient":""},"mobile":{"background-color":"","background-image":"","background-repeat":"repeat","background-position":"center center","background-size":"auto","background-attachment":"scroll","background-type":"","background-media":"","overlay-type":"","overlay-color":"","overlay-opacity":"","overlay-gradient":""}},"ast-content-background-meta":{"desktop":{"background-color":"var(--ast-global-color-5)","background-image":"","background-repeat":"repeat","background-position":"center center","background-size":"auto","background-attachment":"scroll","background-type":"","background-media":"","overlay-type":"","overlay-color":"","overlay-opacity":"","overlay-gradient":""},"tablet":{"background-color":"var(--ast-global-color-5)","background-image":"","background-repeat":"repeat","background-position":"center center","background-size":"auto","background-attachment":"scroll","background-type":"","background-media":"","overlay-type":"","overlay-color":"","overlay-opacity":"","overlay-gradient":""},"mobile":{"background-color":"var(--ast-global-color-5)","background-image":"","background-repeat":"repeat","background-position":"center center","background-size":"auto","background-attachment":"scroll","background-type":"","background-media":"","overlay-type":"","overlay-color":"","overlay-opacity":"","overlay-gradient":""}},"footnotes":""},"class_list":["post-1154","page","type-page","status-publish","hentry"],"aioseo_notices":[],"_links":{"self":[{"href":"https:\/\/learningconsciously.com\/de\/wp-json\/wp\/v2\/pages\/1154","targetHints":{"allow":["GET"]}}],"collection":[{"href":"https:\/\/learningconsciously.com\/de\/wp-json\/wp\/v2\/pages"}],"about":[{"href":"https:\/\/learningconsciously.com\/de\/wp-json\/wp\/v2\/types\/page"}],"author":[{"embeddable":true,"href":"https:\/\/learningconsciously.com\/de\/wp-json\/wp\/v2\/users\/1"}],"replies":[{"embeddable":true,"href":"https:\/\/learningconsciously.com\/de\/wp-json\/wp\/v2\/comments?post=1154"}],"version-history":[{"count":47,"href":"https:\/\/learningconsciously.com\/de\/wp-json\/wp\/v2\/pages\/1154\/revisions"}],"predecessor-version":[{"id":1240,"href":"https:\/\/learningconsciously.com\/de\/wp-json\/wp\/v2\/pages\/1154\/revisions\/1240"}],"wp:attachment":[{"href":"https:\/\/learningconsciously.com\/de\/wp-json\/wp\/v2\/media?parent=1154"}],"curies":[{"name":"wp","href":"https:\/\/api.w.org\/{rel}","templated":true}]}}