{"id":135,"date":"2021-01-15T14:19:09","date_gmt":"2021-01-15T13:19:09","guid":{"rendered":"https:\/\/learningconsciously.com\/?page_id=135"},"modified":"2022-11-11T11:29:38","modified_gmt":"2022-11-11T10:29:38","slug":"learning-consciously","status":"publish","type":"page","link":"https:\/\/learningconsciously.com\/de\/learning-consciously\/","title":{"rendered":"Learning Consciously"},"content":{"rendered":"<h2>\n\t\tLasst uns alle zusammen lernen!\n\t<\/h2>\n\t<p>Learning Consciously est une plateforme multilingue qui aide \u00e0 r\u00e9pandre les connaissances et valeurs essentielles en g\u00e9n\u00e9ral. Manifestement, on obtient plus de compr\u00e9hension et d&#8217;empathie lorsqu&rsquo;on s&rsquo;adresse aux gens dans leur langue maternelle. L&rsquo;aptitude \u00e0 parler plusieurs langues offre l&rsquo;opportunit\u00e9 d&rsquo;atteindre une large audience.<\/p>\n<p>C&rsquo;est un plaisir d&rsquo;aider les autres, surtout lorsque le r\u00e9sultat est \u00e9merveillant. A travers les partages, nous exp\u00e9rimentons des moments uniques, qui nous apprennent beaucoup plus que pr\u00e9vu. Ce sont des instants pr\u00e9cieux o\u00f9 chacun en retire un avantage.<\/p>\n<h2>\n\t\tJ&rsquo;accompagne volontiers.\n\t<\/h2>\n\t<p>La vie est une succession d&rsquo;apprentissage. Apprendre \u00e0 manger, apprendre \u00e0 marcher, apprendre \u00e0 parler, apprendre \u00e0 \u00e9crire&#8230; la liste est encore longue. Nous d\u00e9veloppons tous nos aptitudes selon notre personnalit\u00e9. Certaines personnes sont autodidactes, d&rsquo;autres ont besoin d&rsquo;\u00eatre accompagn\u00e9es.<\/p>\n<p>Si vous \u00eates de ceux qui ont besoin d&rsquo;\u00eatre accompagn\u00e9s, alors il est pr\u00e9f\u00e9rable de prendre la d\u00e9cision de se faire accompagner, pour vous aider et vous motiver \u00e0 atteindre les r\u00e9sultats que vous souhaitez. Parfois, il s&rsquo;agit juste d&rsquo;un petit coup de pouce pour vous faire r\u00e9aliser qu&rsquo;en r\u00e9alit\u00e9 tout est en vous, et que par la suite, vous pourrez continuer tout seul avec confiance.<\/p>\n<h2>\n\t\tWir entwickeln uns gemeinsam weiter.\n\t<\/h2>\n\t<p>Chaque nouvelle g\u00e9n\u00e9ration est plus intelligente que la pr\u00e9c\u00e9dente. C&rsquo;est ind\u00e9niable \u00e0 mon avis. Le futur d\u00e9pend d&rsquo;une part de la nouvelle g\u00e9n\u00e9ration, et d&rsquo;autre part de nous-m\u00eames. Nous sommes tous responsables. Nous sommes les forgerons de notre futur et de tout ce qui nous entoure.<\/p>\n<p>Prendre conscience de certaines valeurs d\u00e8s le plus jeune \u00e2ge peut \u00eatre d\u00e9cisif pour former la personne qu&rsquo;on va devenir. Chacun est diff\u00e9rent et c&rsquo;est cette diversit\u00e9 qui fait que nous sommes tous compl\u00e9mentaires. Chacun apporte dans ce monde ce qu&rsquo;il a d&rsquo;unique.<\/p>\n<h2>\n\t\tAnders lernen.\n\t<\/h2>\n\t<p>Il existe plusieurs sujets dont on ne parle pas ouvertement et qu&rsquo;on n&rsquo;enseigne pas \u00e0 l&rsquo;\u00e9cole. Ce sont pourtant des connaissances essentielles pour comprendre ce qui se passe autour de nous et surtout en nous. Notre mission est de les r\u00e9pandre pour atteindre le plus d&rsquo;audience possible.<\/p>\n<p>Nous partagerons ce que nous avons acquis \u00e0 travers nos exp\u00e9riences personnelles et les livres d&rsquo;admirables auteurs, qui ont d\u00e9j\u00e0 commenc\u00e9 le partage gr\u00e2ce \u00e0 leurs magnifiques \u0153uvres. Alors, laissons-nous transporter par cette infinie brise de savoir qui va ouvrir notre conscience vers un tout autre niveau.<\/p>\n\t\t<h4>Brauchen Sie Fernunterricht?<\/h4>\n\t\t<p>Schreiben Sie uns und lassen Sie sich GRATIS beraten!<\/p>\n\t\t\t<a href=\"https:\/\/learningconsciously.com\/de\/contact\/\" target=\"_self\" role=\"button\" rel=\"noopener\">\n\t\t\t\t\t\t\tKlicke hier\n\t\t\t\t\t<\/a>","protected":false},"excerpt":{"rendered":"<p>Apprenons tous ensemble ! Learning Consciously est une plateforme multilingue qui aide \u00e0 r\u00e9pandre les connaissances et valeurs essentielles en g\u00e9n\u00e9ral. Manifestement, on obtient plus de compr\u00e9hension et d&#8217;empathie lorsqu&rsquo;on s&rsquo;adresse aux gens dans leur langue maternelle. L&rsquo;aptitude \u00e0 parler plusieurs langues offre l&rsquo;opportunit\u00e9 d&rsquo;atteindre une large audience. C&rsquo;est un plaisir d&rsquo;aider les autres, surtout [&hellip;]<\/p>\n","protected":false},"author":1,"featured_media":0,"parent":0,"menu_order":0,"comment_status":"closed","ping_status":"closed","template":"","meta":{"site-sidebar-layout":"no-sidebar","site-content-layout":"page-builder","ast-site-content-layout":"default","site-content-style":"default","site-sidebar-style":"default","ast-global-header-display":"","ast-banner-title-visibility":"","ast-main-header-display":"","ast-hfb-above-header-display":"","ast-hfb-below-header-display":"","ast-hfb-mobile-header-display":"","site-post-title":"disabled","ast-breadcrumbs-content":"","ast-featured-img":"","footer-sml-layout":"","ast-disable-related-posts":"","theme-transparent-header-meta":"default","adv-header-id-meta":"","stick-header-meta":"","header-above-stick-meta":"","header-main-stick-meta":"","header-below-stick-meta":"","astra-migrate-meta-layouts":"default","ast-page-background-enabled":"default","ast-page-background-meta":{"desktop":{"background-color":"","background-image":"","background-repeat":"repeat","background-position":"center center","background-size":"auto","background-attachment":"scroll","background-type":"","background-media":"","overlay-type":"","overlay-color":"","overlay-opacity":"","overlay-gradient":""},"tablet":{"background-color":"","background-image":"","background-repeat":"repeat","background-position":"center center","background-size":"auto","background-attachment":"scroll","background-type":"","background-media":"","overlay-type":"","overlay-color":"","overlay-opacity":"","overlay-gradient":""},"mobile":{"background-color":"","background-image":"","background-repeat":"repeat","background-position":"center center","background-size":"auto","background-attachment":"scroll","background-type":"","background-media":"","overlay-type":"","overlay-color":"","overlay-opacity":"","overlay-gradient":""}},"ast-content-background-meta":{"desktop":{"background-color":"var(--ast-global-color-5)","background-image":"","background-repeat":"repeat","background-position":"center center","background-size":"auto","background-attachment":"scroll","background-type":"","background-media":"","overlay-type":"","overlay-color":"","overlay-opacity":"","overlay-gradient":""},"tablet":{"background-color":"var(--ast-global-color-5)","background-image":"","background-repeat":"repeat","background-position":"center center","background-size":"auto","background-attachment":"scroll","background-type":"","background-media":"","overlay-type":"","overlay-color":"","overlay-opacity":"","overlay-gradient":""},"mobile":{"background-color":"var(--ast-global-color-5)","background-image":"","background-repeat":"repeat","background-position":"center center","background-size":"auto","background-attachment":"scroll","background-type":"","background-media":"","overlay-type":"","overlay-color":"","overlay-opacity":"","overlay-gradient":""}},"footnotes":""},"class_list":["post-135","page","type-page","status-publish","hentry"],"aioseo_notices":[],"_links":{"self":[{"href":"https:\/\/learningconsciously.com\/de\/wp-json\/wp\/v2\/pages\/135","targetHints":{"allow":["GET"]}}],"collection":[{"href":"https:\/\/learningconsciously.com\/de\/wp-json\/wp\/v2\/pages"}],"about":[{"href":"https:\/\/learningconsciously.com\/de\/wp-json\/wp\/v2\/types\/page"}],"author":[{"embeddable":true,"href":"https:\/\/learningconsciously.com\/de\/wp-json\/wp\/v2\/users\/1"}],"replies":[{"embeddable":true,"href":"https:\/\/learningconsciously.com\/de\/wp-json\/wp\/v2\/comments?post=135"}],"version-history":[{"count":84,"href":"https:\/\/learningconsciously.com\/de\/wp-json\/wp\/v2\/pages\/135\/revisions"}],"predecessor-version":[{"id":934,"href":"https:\/\/learningconsciously.com\/de\/wp-json\/wp\/v2\/pages\/135\/revisions\/934"}],"wp:attachment":[{"href":"https:\/\/learningconsciously.com\/de\/wp-json\/wp\/v2\/media?parent=135"}],"curies":[{"name":"wp","href":"https:\/\/api.w.org\/{rel}","templated":true}]}}