{"id":22,"date":"2020-12-30T14:37:57","date_gmt":"2020-12-30T14:37:57","guid":{"rendered":"https:\/\/learningconsciously.com\/?page_id=22"},"modified":"2022-10-18T22:23:10","modified_gmt":"2022-10-18T21:23:10","slug":"about","status":"publish","type":"page","link":"https:\/\/learningconsciously.com\/de\/about\/","title":{"rendered":"About"},"content":{"rendered":"<h2>\n\t\t\u00dcber\n\t<\/h2>\n\t\t\t<a href=\"https:\/\/learningconsciously.com\/de\/about-me\/\" target=\"_self\" role=\"button\" rel=\"noopener\">\n\t\t\t\t\t\t\tLaetitia Rabeson\n\t\t\t\t\t<\/a>\n\t\t\t<a href=\"https:\/\/learningconsciously.com\/de\/learning-consciously\/\" target=\"_self\" role=\"button\" rel=\"noopener\">\n\t\t\t\t\t\t\tLearning Consciously\n\t\t\t\t\t<\/a>\n<h2>\n\t\tLes langues que je parle&#8230;jusqu&rsquo;\u00e0 pr\u00e9sent :\n\t<\/h2>\n\t\t\t<p><strong>Franz\u00f6sisch<\/strong><img loading=\"lazy\" decoding=\"async\" src=\"https:\/\/learningconsciously.com\/wp-content\/uploads\/2021\/03\/Flag-France-300x200.png\" alt=\"\" width=\"105\" height=\"70\" \/><\/p><b>Die Sprache von Moli\u00e8re<\/b>\t\t\n\t\t\t<p><strong>Englisch<\/strong><img loading=\"lazy\" decoding=\"async\" src=\"https:\/\/learningconsciously.com\/wp-content\/uploads\/2021\/01\/Flag-United-Kingdom-300x150.png\" alt=\"\" width=\"105\" height=\"53\" \/><\/p><b>Die Sprache von Shakespeare<\/b>\t\t\n\t\t\t<p><strong>Deutsch<\/strong><img loading=\"lazy\" decoding=\"async\" src=\"https:\/\/learningconsciously.com\/wp-content\/uploads\/2021\/01\/Flag-Germany-300x180.png\" alt=\"\" width=\"100\" height=\"60\" \/><\/p><b>Die Sprache von Einstein<\/b>\t\t\n\t\t\t<p><strong>Spanisch<\/strong><img loading=\"lazy\" decoding=\"async\" src=\"https:\/\/learningconsciously.com\/wp-content\/uploads\/2021\/01\/Flag-Spain-300x200.png\" alt=\"\" width=\"100\" height=\"67\" \/><\/p><b>Die Sprache von Nadal<\/b>\t\t\n\t\t\t<p><strong>Madagassisch<\/strong><img loading=\"lazy\" decoding=\"async\" src=\"https:\/\/learningconsciously.com\/wp-content\/uploads\/2021\/01\/Flag-Madagascar-300x200.png\" alt=\"\" width=\"100\" height=\"67\" \/><\/p><b>Meine Muttersprache<\/b>","protected":false},"excerpt":{"rendered":"<p>A propos Laetitia Rabeson Learning Consciously Les langues que je parle&#8230;jusqu&rsquo;\u00e0 pr\u00e9sent : Fran\u00e7ais La Langue de Moli\u00e8re Anglais La Langue de\u00a0Shakespeare Allemand La Langue de Einstein Espagnol La Langue de Nadal \ud83d\ude42 Malgache Ma Langue Maternelle \ud83d\ude09<\/p>","protected":false},"author":1,"featured_media":0,"parent":0,"menu_order":0,"comment_status":"closed","ping_status":"closed","template":"","meta":{"site-sidebar-layout":"no-sidebar","site-content-layout":"page-builder","ast-site-content-layout":"default","site-content-style":"default","site-sidebar-style":"default","ast-global-header-display":"","ast-banner-title-visibility":"","ast-main-header-display":"","ast-hfb-above-header-display":"","ast-hfb-below-header-display":"","ast-hfb-mobile-header-display":"","site-post-title":"disabled","ast-breadcrumbs-content":"","ast-featured-img":"disabled","footer-sml-layout":"","ast-disable-related-posts":"","theme-transparent-header-meta":"default","adv-header-id-meta":"","stick-header-meta":"","header-above-stick-meta":"","header-main-stick-meta":"","header-below-stick-meta":"","astra-migrate-meta-layouts":"default","ast-page-background-enabled":"default","ast-page-background-meta":{"desktop":{"background-color":"","background-image":"","background-repeat":"repeat","background-position":"center center","background-size":"auto","background-attachment":"scroll","background-type":"","background-media":"","overlay-type":"","overlay-color":"","overlay-opacity":"","overlay-gradient":""},"tablet":{"background-color":"","background-image":"","background-repeat":"repeat","background-position":"center center","background-size":"auto","background-attachment":"scroll","background-type":"","background-media":"","overlay-type":"","overlay-color":"","overlay-opacity":"","overlay-gradient":""},"mobile":{"background-color":"","background-image":"","background-repeat":"repeat","background-position":"center center","background-size":"auto","background-attachment":"scroll","background-type":"","background-media":"","overlay-type":"","overlay-color":"","overlay-opacity":"","overlay-gradient":""}},"ast-content-background-meta":{"desktop":{"background-color":"var(--ast-global-color-5)","background-image":"","background-repeat":"repeat","background-position":"center center","background-size":"auto","background-attachment":"scroll","background-type":"","background-media":"","overlay-type":"","overlay-color":"","overlay-opacity":"","overlay-gradient":""},"tablet":{"background-color":"var(--ast-global-color-5)","background-image":"","background-repeat":"repeat","background-position":"center center","background-size":"auto","background-attachment":"scroll","background-type":"","background-media":"","overlay-type":"","overlay-color":"","overlay-opacity":"","overlay-gradient":""},"mobile":{"background-color":"var(--ast-global-color-5)","background-image":"","background-repeat":"repeat","background-position":"center center","background-size":"auto","background-attachment":"scroll","background-type":"","background-media":"","overlay-type":"","overlay-color":"","overlay-opacity":"","overlay-gradient":""}},"footnotes":""},"class_list":["post-22","page","type-page","status-publish","hentry"],"aioseo_notices":[],"_links":{"self":[{"href":"https:\/\/learningconsciously.com\/de\/wp-json\/wp\/v2\/pages\/22","targetHints":{"allow":["GET"]}}],"collection":[{"href":"https:\/\/learningconsciously.com\/de\/wp-json\/wp\/v2\/pages"}],"about":[{"href":"https:\/\/learningconsciously.com\/de\/wp-json\/wp\/v2\/types\/page"}],"author":[{"embeddable":true,"href":"https:\/\/learningconsciously.com\/de\/wp-json\/wp\/v2\/users\/1"}],"replies":[{"embeddable":true,"href":"https:\/\/learningconsciously.com\/de\/wp-json\/wp\/v2\/comments?post=22"}],"version-history":[{"count":124,"href":"https:\/\/learningconsciously.com\/de\/wp-json\/wp\/v2\/pages\/22\/revisions"}],"predecessor-version":[{"id":901,"href":"https:\/\/learningconsciously.com\/de\/wp-json\/wp\/v2\/pages\/22\/revisions\/901"}],"wp:attachment":[{"href":"https:\/\/learningconsciously.com\/de\/wp-json\/wp\/v2\/media?parent=22"}],"curies":[{"name":"wp","href":"https:\/\/api.w.org\/{rel}","templated":true}]}}