{"id":472,"date":"2021-02-10T17:49:01","date_gmt":"2021-02-10T16:49:01","guid":{"rendered":"https:\/\/learningconsciously.com\/?page_id=472"},"modified":"2025-09-27T22:33:01","modified_gmt":"2025-09-27T21:33:01","slug":"cours-de-soutien-scolaire","status":"publish","type":"page","link":"https:\/\/learningconsciously.com\/de\/cours-de-soutien-scolaire\/","title":{"rendered":"Tutoring"},"content":{"rendered":"<h1>\n\t\t\tNachhilfeunterricht\t<\/h1>\n<h1>\n\t\t\tmit Laetitia\t<\/h1>\n<h2>\n\t\t\tSchulunterst\u00fctzung\t<\/h2>\n\t<p>L&rsquo;objectif est de rendre autonome et motiv\u00e9 pour atteindre un r\u00e9sultat positif. Les suivis personnalis\u00e9s sont propos\u00e9s aux \u00e9l\u00e8ves qui ressentent des difficult\u00e9s ou qui veulent exceller. Du primaire au coll\u00e8ge, le suivi se fait dans toutes les mati\u00e8res pour \u00e9tablir une bonne base. Il s&rsquo;\u00e9tend sur une p\u00e9riode d\u00e9termin\u00e9e. A partir du lyc\u00e9e, l&rsquo;accompagnement n&rsquo;est n\u00e9cessaire que ponctuellement et les mati\u00e8res \u00e0 renforcer sont les langues \u00e9trang\u00e8res.<\/p>\n<p>L&rsquo;\u00e9l\u00e8ve a le privil\u00e8ge d&rsquo;assister aux cours en individuel. L&rsquo;attention se focalise enti\u00e8rement sur lui, sur l&rsquo;analyse de ses faiblesses et forces pour ainsi trouver une m\u00e9thode personnelle qui lui soit adapt\u00e9e. Par ailleurs, il est plus simple d&rsquo;avoir un accompagnateur pour ses \u00e9tudes plut\u00f4t que diff\u00e9rentes personnes pour chaque mati\u00e8re. En bonus, l&rsquo;accompagnement peut \u00eatre dans les langues suivantes\u00a0: le Fran\u00e7ais, l&rsquo;Anglais, l&rsquo;Allemand, l&rsquo;Espagnol et le Malgache.<\/p>\n<h2>\n\t\t\tEinzelunterricht\t<\/h2>\n\t<p>Il y a plus de dix ans que je me suis engag\u00e9e \u00e0 donner des cours de soutien scolaire. J&rsquo;ai commenc\u00e9 avec mes cousins et cousines. Ensuite de bouche \u00e0 oreille, d&rsquo;autres personnes m&rsquo;ont contact\u00e9e pour accompagner leurs enfants dans leurs \u00e9tudes. Et jusqu&rsquo;\u00e0 ce jour, je donne toujours des cours car j&rsquo;ai r\u00e9alis\u00e9 que c&rsquo;est une de mes passions.<\/p>\n<p>Chaque individu est unique, c&rsquo;est pour cela que chacune de mes s\u00e9ances est exclusivement adapt\u00e9e \u00e0 chaque personne et \u00e0 chaque situation. Interagir avec les personnes de tous \u00e2ges maintient mon esprit ouvert et m&rsquo;inspire \u00e0 les comprendre. Je d\u00e9couvre alors la meilleure partie de l&rsquo;histoire : j&rsquo;apprends \u00e9galement.<\/p>\n<h2>\n\t\t\tC&rsquo;est une question de mission !\t<\/h2>\n\t<p>J&rsquo;ai r\u00e9alis\u00e9 au fil du temps, que j&rsquo;ai une grande aptitude \u00e0 transmettre mes connaissances. Je donne des s\u00e9ances, pendant lesquelles j&rsquo;accompagne les \u00e9l\u00e8ves dans leur qu\u00eate de meilleurs r\u00e9sultats. Je leur partage mes techniques et m\u00e9thodes. Je les guide \u00e0 affiner leurs connaissances, \u00e0 faire sortir le meilleur d&rsquo;eux-m\u00eames.<\/p>\n<p>Ma responsabilit\u00e9 est de transmettre le savoir n\u00e9cessaire dont la personne a besoin pour l&rsquo;aider \u00e0 exceller, le rendre autonome et conscient de ses comp\u00e9tences par la suite. \u00a0Ma mission est limit\u00e9e et d\u00e9finie par l&rsquo;atteinte de l&rsquo;objectif : apprendre consciemment.<\/p>\n<h2>\n\t\t\tL&rsquo;avis de ceux que j&rsquo;ai accompagn\u00e9s\t<\/h2>\n\t\t\t<img decoding=\"async\" loading=\"false\" src=\"https:\/\/learningconsciously.com\/wp-content\/uploads\/2021\/01\/cropped-Learning-Consciously-2-scaled-1-150x150.jpg\" alt=\"\" \/>\t\t\t\n\t\t\t\t<p><em>\u00ab\u00a0Bonjour \u00e0 tous,<\/em><\/p>\n<p><em>Je voulais vous faire part de ma petite exp\u00e9rience avec Laetitia. Honn\u00eatement, \u00e7a a \u00e9t\u00e9 une opportunit\u00e9 pour moi d&rsquo;avoir pu faire des cours particuliers avec elle, car elle m&rsquo;a appris \u00e0 travailler de mani\u00e8re plus efficace sans pour autant continuer \u00e0 travailler b\u00eatement et par c\u0153ur comme je le faisais habituellement.<\/em><\/p>\n<p><em>J&rsquo;ai \u00e9t\u00e9 accompagn\u00e9e par Laetitia pour la pr\u00e9paration du baccalaur\u00e9at et elle a toujours \u00e9t\u00e9 l\u00e0 pour m&rsquo;aider que ce soit pour les r\u00e9visions ou autre chose. A chaque d\u00e9but de cours, Laetitia me faisait faire des dict\u00e9es alors que j&rsquo;\u00e9tais quand m\u00eame en terminale, mais je peux vous assurer que \u00e7a en valait la peine car j&rsquo;ai appris l&rsquo;orthographe de pas mal de mots que j&rsquo;utilisais pratiquement tous les jours \u00e0 l&rsquo;oral.<\/em><\/p>\n<p><em>En tout cas, c&rsquo;est juste pour vous dire que Laetitia m&rsquo;a beaucoup appris et elle m&rsquo;a permis de faire ressortir mes capacit\u00e9s enfouies en moi. \ud83d\ude42 Gr\u00e2ce \u00e0 elle, j&rsquo;ai su comment travailler de mani\u00e8re plus efficace pour mon cas et puis croyez en vous, soyez motiv\u00e9s et ambitieux et tout se passera bien.\u00a0\u00bb<\/em><\/p>\n<p><strong>Barbara Albero<\/strong><\/p>\n<img decoding=\"async\" loading=\"false\" src=\"https:\/\/learningconsciously.com\/wp-content\/uploads\/2021\/01\/cropped-Learning-Consciously-2-scaled-1-150x150.jpg\" alt=\"\" \/>\t\t\t\n\t\t\t<img decoding=\"async\" loading=\"false\" src=\"https:\/\/learningconsciously.com\/wp-content\/uploads\/2021\/01\/cropped-cropped-Learning-Consciously-2-scaled-1-150x150.jpg\" alt=\"\" \/>\t\t\t\n\t\t\t\t<p><em>\u00ab\u00a0I asked Laetitia to help me when I was having trouble with math and French in high school. In a short period of time, she was able to awaken my curiosity about topics that I was initially not interested in, which explained my difficulties.<\/em><\/p>\n<p><em>Thanks to her, I undeniably progressed in these subjects and the result was reflected in my school reports. I am still grateful for the caring attitude she showed me. In addition to being a wonderful teacher, she was also a good friend.\u00a0\u00bb<\/em><\/p>\n<p><strong>Joanne Razafimanana<\/strong><\/p>\n<img decoding=\"async\" loading=\"false\" src=\"https:\/\/learningconsciously.com\/wp-content\/uploads\/2021\/01\/cropped-cropped-Learning-Consciously-2-scaled-1-150x150.jpg\" alt=\"\" \/>\t\t\t\n\t\t\t<img decoding=\"async\" loading=\"false\" src=\"https:\/\/learningconsciously.com\/wp-content\/uploads\/2021\/01\/cropped-cropped-Learning-Consciously-2-scaled-1-150x150.jpg\" alt=\"\" \/>\t\t\t\n\t\t\t\t<p>(Coming soon)<\/p>\n<p><strong>Maxi Heindl<\/strong><\/p>\n<img decoding=\"async\" loading=\"false\" src=\"https:\/\/learningconsciously.com\/wp-content\/uploads\/2021\/01\/cropped-cropped-Learning-Consciously-2-scaled-1-150x150.jpg\" alt=\"\" \/>\t\t\t\n\t\t\t<img decoding=\"async\" loading=\"false\" src=\"https:\/\/learningconsciously.com\/wp-content\/uploads\/2021\/01\/cropped-cropped-Learning-Consciously-2-scaled-1-150x150.jpg\" alt=\"\" \/>\t\t\t\n\t\t\t\t<p>(Coming soon)<\/p>\n<p><strong>Jana G.<\/strong><\/p>\n<img decoding=\"async\" loading=\"false\" src=\"https:\/\/learningconsciously.com\/wp-content\/uploads\/2021\/01\/cropped-cropped-Learning-Consciously-2-scaled-1-150x150.jpg\" alt=\"\" \/>\t\t\t\n\t\t\t\t<a href=\"#\" aria-label=\"previous\" role=\"button\">\n<\/a>\n\t\t\t\t<a href=\"#\" aria-label=\"next\" role=\"button\">\n<\/a>\n<h2>\n\t\t\tCeux que j&rsquo;accompagne\t<\/h2>\n\t\t\t<a href=\"https:\/\/www.vhsooe.at\/\" target=\"_self\"><img decoding=\"async\" loading=\"false\" src=\"https:\/\/learningconsciously.com\/wp-content\/uploads\/2023\/04\/VHS-OOE-300x107.jpg\" alt=\"\" \/><\/a>\t\t\t\n\t\t\t\t<p>Application de la langue fran\u00e7aise &#8211; Niveau avanc\u00e9<\/p>\n<p>Gruppe von 5-6 Personen<\/p>\n<p><strong>Volkshochschule Ober\u00f6sterreich &#8211; Perg<\/strong><\/p>\n<a href=\"https:\/\/www.vhsooe.at\/\"  target=\"_self\"><img decoding=\"async\" loading=\"false\" src=\"https:\/\/learningconsciously.com\/wp-content\/uploads\/2023\/04\/VHS-OOE-300x107.jpg\" alt=\"\" \/><\/a>\t\t\t\n\t\t\t<a href=\"https:\/\/www.vhsooe.at\/\" target=\"_self\"><img decoding=\"async\" loading=\"false\" src=\"https:\/\/learningconsciously.com\/wp-content\/uploads\/2023\/04\/VHS-OOE-300x107.jpg\" alt=\"\" \/><\/a>\t\t\t\n\t\t\t\t<p>Apprentissage de la langue fran\u00e7aise &#8211; Niveau d\u00e9butant<\/p>\n<p>Gruppe von 5-6 Personen<\/p>\n<p><strong>Volkshochschule Ober\u00f6sterreich &#8211; Perg<\/strong><\/p>\n<a href=\"https:\/\/www.vhsooe.at\/\"  target=\"_self\"><img decoding=\"async\" loading=\"false\" src=\"https:\/\/learningconsciously.com\/wp-content\/uploads\/2023\/04\/VHS-OOE-300x107.jpg\" alt=\"\" \/><\/a>\t\t\t\n\t\t<h2>Bereit, mehr zu erfahren?<\/h2>\n\t\t<p>Lassen Sie sich KOSTENLOS beraten und w\u00e4hlen Sie das f\u00fcr Sie passende Paket!<\/p>\n\t\t\t<a href=\"https:\/\/learningconsciously.com\/de\/accompagnement-scolaire\/\" target=\"_self\">\n\t\t\t\t\t\tSiehe die Pakete\n\t\t\t\t\t<\/a>","protected":false},"excerpt":{"rendered":"<p>Cours de soutien scolaire avec Laetitia Accompagnement scolaire L&rsquo;objectif est de rendre autonome et motiv\u00e9 pour atteindre un r\u00e9sultat positif. Les suivis personnalis\u00e9s sont propos\u00e9s aux \u00e9l\u00e8ves qui ressentent des difficult\u00e9s ou qui veulent exceller. Du primaire au coll\u00e8ge, le suivi se fait dans toutes les mati\u00e8res pour \u00e9tablir une bonne base. Il s&rsquo;\u00e9tend sur [&hellip;]<\/p>\n","protected":false},"author":1,"featured_media":0,"parent":0,"menu_order":0,"comment_status":"closed","ping_status":"closed","template":"","meta":{"site-sidebar-layout":"no-sidebar","site-content-layout":"page-builder","ast-site-content-layout":"default","site-content-style":"default","site-sidebar-style":"default","ast-global-header-display":"","ast-banner-title-visibility":"","ast-main-header-display":"","ast-hfb-above-header-display":"","ast-hfb-below-header-display":"","ast-hfb-mobile-header-display":"","site-post-title":"disabled","ast-breadcrumbs-content":"","ast-featured-img":"","footer-sml-layout":"","ast-disable-related-posts":"","theme-transparent-header-meta":"default","adv-header-id-meta":"","stick-header-meta":"","header-above-stick-meta":"","header-main-stick-meta":"","header-below-stick-meta":"","astra-migrate-meta-layouts":"default","ast-page-background-enabled":"default","ast-page-background-meta":{"desktop":{"background-color":"","background-image":"","background-repeat":"repeat","background-position":"center center","background-size":"auto","background-attachment":"scroll","background-type":"","background-media":"","overlay-type":"","overlay-color":"","overlay-opacity":"","overlay-gradient":""},"tablet":{"background-color":"","background-image":"","background-repeat":"repeat","background-position":"center center","background-size":"auto","background-attachment":"scroll","background-type":"","background-media":"","overlay-type":"","overlay-color":"","overlay-opacity":"","overlay-gradient":""},"mobile":{"background-color":"","background-image":"","background-repeat":"repeat","background-position":"center center","background-size":"auto","background-attachment":"scroll","background-type":"","background-media":"","overlay-type":"","overlay-color":"","overlay-opacity":"","overlay-gradient":""}},"ast-content-background-meta":{"desktop":{"background-color":"var(--ast-global-color-5)","background-image":"","background-repeat":"repeat","background-position":"center center","background-size":"auto","background-attachment":"scroll","background-type":"","background-media":"","overlay-type":"","overlay-color":"","overlay-opacity":"","overlay-gradient":""},"tablet":{"background-color":"var(--ast-global-color-5)","background-image":"","background-repeat":"repeat","background-position":"center center","background-size":"auto","background-attachment":"scroll","background-type":"","background-media":"","overlay-type":"","overlay-color":"","overlay-opacity":"","overlay-gradient":""},"mobile":{"background-color":"var(--ast-global-color-5)","background-image":"","background-repeat":"repeat","background-position":"center center","background-size":"auto","background-attachment":"scroll","background-type":"","background-media":"","overlay-type":"","overlay-color":"","overlay-opacity":"","overlay-gradient":""}},"footnotes":""},"class_list":["post-472","page","type-page","status-publish","hentry"],"aioseo_notices":[],"_links":{"self":[{"href":"https:\/\/learningconsciously.com\/de\/wp-json\/wp\/v2\/pages\/472","targetHints":{"allow":["GET"]}}],"collection":[{"href":"https:\/\/learningconsciously.com\/de\/wp-json\/wp\/v2\/pages"}],"about":[{"href":"https:\/\/learningconsciously.com\/de\/wp-json\/wp\/v2\/types\/page"}],"author":[{"embeddable":true,"href":"https:\/\/learningconsciously.com\/de\/wp-json\/wp\/v2\/users\/1"}],"replies":[{"embeddable":true,"href":"https:\/\/learningconsciously.com\/de\/wp-json\/wp\/v2\/comments?post=472"}],"version-history":[{"count":52,"href":"https:\/\/learningconsciously.com\/de\/wp-json\/wp\/v2\/pages\/472\/revisions"}],"predecessor-version":[{"id":1214,"href":"https:\/\/learningconsciously.com\/de\/wp-json\/wp\/v2\/pages\/472\/revisions\/1214"}],"wp:attachment":[{"href":"https:\/\/learningconsciously.com\/de\/wp-json\/wp\/v2\/media?parent=472"}],"curies":[{"name":"wp","href":"https:\/\/api.w.org\/{rel}","templated":true}]}}