{"id":475,"date":"2021-02-10T17:56:15","date_gmt":"2021-02-10T16:56:15","guid":{"rendered":"https:\/\/learningconsciously.com\/?page_id=475"},"modified":"2025-07-16T23:26:31","modified_gmt":"2025-07-16T22:26:31","slug":"accompagnement-scolaire","status":"publish","type":"page","link":"https:\/\/learningconsciously.com\/de\/accompagnement-scolaire\/","title":{"rendered":"Our Pack Formula"},"content":{"rendered":"<h2>\n\t\t\tDAS ZU W\u00c4HLENDE PAKET:\t<\/h2>\n\t\t\t<a href=\"https:\/\/learningconsciously.com\/de\/pack-boost\/\" target=\"_self\">\n\t\t\t\t\t\t\tPack Boost\n\t\t\t\t\t<\/a>\n\t<p>Il s&rsquo;agit d&rsquo;un <strong>suivi ponctuel<\/strong>, qui s&rsquo;\u00e9tale sur un \u00e0 deux mois : s\u00e9ances hebdomadaires pour renforcer les acquis dans les mati\u00e8res requises.<\/p>\n\t\t\t<a href=\"#\" role=\"button\">\n\t\t\t\t\t\t\tPACK 10STD\n\t\t\t\t\t<\/a>\n\t\t\tPrice: <strong>400\u20ac <\/strong>, incl. VAT\nHours: 10H + 1H Gratis (for the new ones)\nSessions: 1H-2H \/week\nTiming: 1-3 months\nPayment: 1x 400\u20ac\n\t\t\t<a href=\"#\" role=\"button\">\n\t\t\t\t\t\t\tPACK 20STD\n\t\t\t\t\t<\/a>\n\t\t\tPrice: <strong>780\u20ac <\/strong>, incl. VAT\nHours: 20H + 1H Gratis (for the new ones)\nSessions: 1H-2H \/week\nTiming: 3-6 months\nPayment: 1x 780\u20ac or 2&#215;390\u20ac\t\t\n\t\t\t<a href=\"https:\/\/learningconsciously.com\/de\/pack-cool\/\" target=\"_self\">\n\t\t\t\t\t\t\tPack Cool\n\t\t\t\t\t<\/a>\n\t<p>Il s&rsquo;agit d&rsquo;un <strong>suivi annuel<\/strong>, qui s&rsquo;\u00e9tale sur les dix mois de l&rsquo;ann\u00e9e scolaire : suivi continu hebdomadaire de l&rsquo;\u00e9l\u00e8ve dans toutes mati\u00e8res sp\u00e9cifi\u00e9es.<\/p>\n\t\t\t<a href=\"#\" role=\"button\">\n\t\t\t\t\t\t\tPACK 60STD\n\t\t\t\t\t<\/a>\n\t\t\tPrice: <strong>235\u20ac\/month <\/strong>, incl. VAT\nHours: 60H + 1H Gratis (for the new ones)\nSessions: 1H-2H \/week\nTiming:10 months, Sept-Jun\nPayment: 10x 235\u20ac\t\t\n\t\t\t<a href=\"#\" role=\"button\">\n\t\t\t\t\t\t\tPACK 80STD\n\t\t\t\t\t<\/a>\n\t\t\tPrice: <strong>300\u20ac\/month <\/strong>, incl. VAT\nHours: 80H + 1H Gratis (for the new ones)\nSessions: 1H-2H \/week\nTiming: 10 months, Sept-Jun\nPayment: 10x 300\u20ac\t\t\n\t\t\t<a href=\"https:\/\/learningconsciously.com\/de\/pack-extra\/\" target=\"_self\">\n\t\t\t\t\t\t\tPack Extra\n\t\t\t\t\t<\/a>\n\t<p>Il s&rsquo;agit d&rsquo;<strong>heures suppl\u00e9mentaires <\/strong>qui s&rsquo;\u00e9talent sur le mois courant : valable apr\u00e8s avoir consomm\u00e9 un des packs Boost et\/ou Cool.<\/p>\n\t\t\t<a href=\"#\" role=\"button\">\n\t\t\t\t\t\t\tPACK 2STD\n\t\t\t\t\t<\/a>\n\t\t\tPrice: <strong>80\u20ac <\/strong>, incl. VAT\nHours: 2H\nSession: 1x 2H\nTiming: 1 day\nPayment: 1x 80\u20ac\t\t\n\t\t\t<a href=\"#\" role=\"button\">\n\t\t\t\t\t\t\tPACK 4STD\n\t\t\t\t\t<\/a>\n\t\t\tPrice: <strong>160\u20ac <\/strong>, incl. VAT\nHours: 4H\nSessions: 1H-2H\/ week\nTiming: 1 month\nPayment: 1x 160\u20ac\t\t\n\t\t<h2>1 Stunde GRATIS<\/h2>\n\t\t\t\t<p>Profitez d&rsquo;une heure Gratuite pour poser vos questions se r\u00e9f\u00e9rant \u00e0 la mati\u00e8re.<\/p>\n\t\t\t<a href=\"https:\/\/learningconsciously.com\/de\/gratis\/\" target=\"_self\"   role=\"button\" aria-label=\"Hier buchen\">\n\t\t\t\t\t\t\tHier buchen\n\t\t<\/a>\n<h2>\n\t\t\tPRE-INSCRIPTION\t<\/h2>\n\t<p>Communiquez-moi votre choix de Pack avec les d\u00e9tails concernant l&rsquo;\u00e9l\u00e8ve, et je vous enverrai les informations suppl\u00e9mentaires pour compl\u00e9ter votre inscription. Merci.<\/p>","protected":false},"excerpt":{"rendered":"<p>LE PACK A CHOISIR : Pack Boost Il s&rsquo;agit d&rsquo;un suivi ponctuel, qui s&rsquo;\u00e9tale sur un \u00e0 deux mois : s\u00e9ances hebdomadaires pour renforcer les acquis dans les mati\u00e8res requises. PACK 10H Price: 400\u20ac , incl. VAT Hours: 10H + 1H Gratis (for the new ones) Sessions: 1H-2H \/week Timing: 1-3 months Payment: 1x 400\u20ac [&hellip;]<\/p>\n","protected":false},"author":1,"featured_media":0,"parent":0,"menu_order":0,"comment_status":"closed","ping_status":"closed","template":"","meta":{"site-sidebar-layout":"no-sidebar","site-content-layout":"page-builder","ast-site-content-layout":"default","site-content-style":"default","site-sidebar-style":"default","ast-global-header-display":"","ast-banner-title-visibility":"","ast-main-header-display":"","ast-hfb-above-header-display":"","ast-hfb-below-header-display":"","ast-hfb-mobile-header-display":"","site-post-title":"disabled","ast-breadcrumbs-content":"","ast-featured-img":"","footer-sml-layout":"","ast-disable-related-posts":"","theme-transparent-header-meta":"default","adv-header-id-meta":"","stick-header-meta":"","header-above-stick-meta":"","header-main-stick-meta":"","header-below-stick-meta":"","astra-migrate-meta-layouts":"default","ast-page-background-enabled":"default","ast-page-background-meta":{"desktop":{"background-color":"","background-image":"","background-repeat":"repeat","background-position":"center center","background-size":"auto","background-attachment":"scroll","background-type":"","background-media":"","overlay-type":"","overlay-color":"","overlay-opacity":"","overlay-gradient":""},"tablet":{"background-color":"","background-image":"","background-repeat":"repeat","background-position":"center center","background-size":"auto","background-attachment":"scroll","background-type":"","background-media":"","overlay-type":"","overlay-color":"","overlay-opacity":"","overlay-gradient":""},"mobile":{"background-color":"","background-image":"","background-repeat":"repeat","background-position":"center center","background-size":"auto","background-attachment":"scroll","background-type":"","background-media":"","overlay-type":"","overlay-color":"","overlay-opacity":"","overlay-gradient":""}},"ast-content-background-meta":{"desktop":{"background-color":"var(--ast-global-color-5)","background-image":"","background-repeat":"repeat","background-position":"center center","background-size":"auto","background-attachment":"scroll","background-type":"","background-media":"","overlay-type":"","overlay-color":"","overlay-opacity":"","overlay-gradient":""},"tablet":{"background-color":"var(--ast-global-color-5)","background-image":"","background-repeat":"repeat","background-position":"center center","background-size":"auto","background-attachment":"scroll","background-type":"","background-media":"","overlay-type":"","overlay-color":"","overlay-opacity":"","overlay-gradient":""},"mobile":{"background-color":"var(--ast-global-color-5)","background-image":"","background-repeat":"repeat","background-position":"center center","background-size":"auto","background-attachment":"scroll","background-type":"","background-media":"","overlay-type":"","overlay-color":"","overlay-opacity":"","overlay-gradient":""}},"footnotes":""},"class_list":["post-475","page","type-page","status-publish","hentry"],"aioseo_notices":[],"_links":{"self":[{"href":"https:\/\/learningconsciously.com\/de\/wp-json\/wp\/v2\/pages\/475","targetHints":{"allow":["GET"]}}],"collection":[{"href":"https:\/\/learningconsciously.com\/de\/wp-json\/wp\/v2\/pages"}],"about":[{"href":"https:\/\/learningconsciously.com\/de\/wp-json\/wp\/v2\/types\/page"}],"author":[{"embeddable":true,"href":"https:\/\/learningconsciously.com\/de\/wp-json\/wp\/v2\/users\/1"}],"replies":[{"embeddable":true,"href":"https:\/\/learningconsciously.com\/de\/wp-json\/wp\/v2\/comments?post=475"}],"version-history":[{"count":45,"href":"https:\/\/learningconsciously.com\/de\/wp-json\/wp\/v2\/pages\/475\/revisions"}],"predecessor-version":[{"id":982,"href":"https:\/\/learningconsciously.com\/de\/wp-json\/wp\/v2\/pages\/475\/revisions\/982"}],"wp:attachment":[{"href":"https:\/\/learningconsciously.com\/de\/wp-json\/wp\/v2\/media?parent=475"}],"curies":[{"name":"wp","href":"https:\/\/api.w.org\/{rel}","templated":true}]}}